{"id":407,"date":"2016-09-26T21:53:27","date_gmt":"2016-09-27T02:53:27","guid":{"rendered":"http:\/\/ClaudeLaBadie.com\/fr\/?page_id=407"},"modified":"2016-09-26T23:18:50","modified_gmt":"2016-09-27T04:18:50","slug":"salu","status":"publish","type":"page","link":"https:\/\/ClaudeLaBadie.com\/fr\/salu\/","title":{"rendered":"Service d&rsquo;Apprentissage Libre Universel (SALU)"},"content":{"rendered":"<p>Cr\u00e9\u00e9 \u00e0 H\u00e9rouxville, le SALU a pout but d&rsquo;offrir \u00e0 tout ceux qui veulent apprendre un encadrement unique et stimulant.<\/p>\n<p>Le SALU vous permet d&rsquo;acqu\u00e9rir de nouvelles comp\u00e9tence sur tous les sujets gr\u00e2ce au grand nombre d&rsquo;information et de formations disponibles sur l&rsquo;internet et l&rsquo;accompagnement d&rsquo;un expert en technologies de l&rsquo;information.<\/p>\n<p>Structur\u00e9s en projet d&rsquo;\u00e9quipe et motiv\u00e9 par un syst\u00e8me de validation moderne, les apprentissages m\u00e8nent \u00e0 la r\u00e9alisation de produits concret et d&rsquo;avantgarde.<\/p>\n<p>&nbsp;<\/p>\n","protected":false},"excerpt":{"rendered":"<p>Cr\u00e9\u00e9 \u00e0 H\u00e9rouxville, le SALU a pout but d&rsquo;offrir \u00e0 tout ceux qui veulent apprendre un encadrement unique et stimulant. Le SALU vous permet d&rsquo;acqu\u00e9rir de nouvelles comp\u00e9tence sur tous les sujets gr\u00e2ce au grand nombre d&rsquo;information et de formations disponibles sur l&rsquo;internet et l&rsquo;accompagnement d&rsquo;un expert en technologies de l&rsquo;information. Structur\u00e9s en projet d&rsquo;\u00e9quipe [&hellip;]<\/p>\n","protected":false},"author":1,"featured_media":0,"parent":0,"menu_order":0,"comment_status":"closed","ping_status":"closed","template":"","meta":{"footnotes":""},"class_list":["post-407","page","type-page","status-publish","hentry"],"_links":{"self":[{"href":"https:\/\/ClaudeLaBadie.com\/fr\/wp-json\/wp\/v2\/pages\/407","targetHints":{"allow":["GET"]}}],"collection":[{"href":"https:\/\/ClaudeLaBadie.com\/fr\/wp-json\/wp\/v2\/pages"}],"about":[{"href":"https:\/\/ClaudeLaBadie.com\/fr\/wp-json\/wp\/v2\/types\/page"}],"author":[{"embeddable":true,"href":"https:\/\/ClaudeLaBadie.com\/fr\/wp-json\/wp\/v2\/users\/1"}],"replies":[{"embeddable":true,"href":"https:\/\/ClaudeLaBadie.com\/fr\/wp-json\/wp\/v2\/comments?post=407"}],"version-history":[{"count":3,"href":"https:\/\/ClaudeLaBadie.com\/fr\/wp-json\/wp\/v2\/pages\/407\/revisions"}],"predecessor-version":[{"id":410,"href":"https:\/\/ClaudeLaBadie.com\/fr\/wp-json\/wp\/v2\/pages\/407\/revisions\/410"}],"wp:attachment":[{"href":"https:\/\/ClaudeLaBadie.com\/fr\/wp-json\/wp\/v2\/media?parent=407"}],"curies":[{"name":"wp","href":"https:\/\/api.w.org\/{rel}","templated":true}]}}