{"id":392,"date":"2016-07-27T14:17:56","date_gmt":"2016-07-27T19:17:56","guid":{"rendered":"http:\/\/ClaudeLaBadie.com\/fr\/?page_id=392"},"modified":"2016-08-31T13:24:32","modified_gmt":"2016-08-31T18:24:32","slug":"cours-internet","status":"publish","type":"page","link":"https:\/\/ClaudeLaBadie.com\/fr\/cours-internet\/","title":{"rendered":"Cours Internet"},"content":{"rendered":"<p><a href=\"http:\/\/ClaudeLaBadie.com\/fr\/wp-content\/uploads\/2016\/07\/exploration-technologies-300x200.jpg\"><img loading=\"lazy\" decoding=\"async\" class=\"size-medium wp-image-394 alignright\" src=\"http:\/\/ClaudeLaBadie.com\/fr\/wp-content\/uploads\/2016\/07\/exploration-technologies-300x200-300x200.jpg\" alt=\"Cours Internet\" width=\"300\" height=\"200\" \/><\/a>D\u00e9butant en septembre. des cours de 2 heures portant sur diff\u00e9rents sujets relatifs \u00e0 l\u2019Internet seront offerts tous les <strong>mercredis soirs de 19 \u00e0 21 heures,<\/strong> au centre des loisirs de H\u00e9rouxville.<\/p>\n<p>Le co\u00fbt est de $20 par cours<br \/>\n(rabais de 20% pour les r\u00e9sidents de H\u00e9rouxville pour encourager la participation locale).<br \/>\nLes sujets couverts seront les suivants:<\/p>\n<p><strong>14 sept<\/strong> \u2013 Faire des recherches sur Internet avec plus de pr\u00e9cision<br \/>\n<strong>21 sept<\/strong> \u2013 Usage de votre tablette et la s\u00e9curit\u00e9 de vos informations personnelles.<br \/>\n<strong>28 sept<\/strong> \u2013 Cr\u00e9er et am\u00e9liorer votre page Facebook<\/p>\n<p><strong>5 oct<\/strong> &#8211; Les tr\u00e9sors et les dangers de l&rsquo;internet<br \/>\n<strong>12 oct<\/strong> &#8211; Doit-on contr\u00f4ler l&rsquo;acc\u00e8s \u00e0 l&rsquo;Internet pour nos jeunes?<br \/>\n<strong>19 oct<\/strong> &#8211; Comment faire la diff\u00e9rence entre une arnaque et\u00a0une opportunit\u00e9 sur Internet<br \/>\n<strong>26 oct<\/strong> &#8211;\u00a0Introduction \u00e0 la robotique populaire<\/p>\n<p>N&rsquo;h\u00e9sitez pas \u00e0 utiliser le formulaire plus bas pour me faire des suggestions!<\/p>\n<p>Les places sont limit\u00e9es, pour vous inscrire veuillez <strong>remplir le formulaire plus bas<\/strong><br \/>\nou<br \/>\ncommuniquer avec <strong>Claude LaBadie<\/strong> par courriel \u00e0 <strong><a href=\"mailto:CLaBadie@cexpert.com\">CLaBadie@cexpert.com<\/a><\/strong> ou par <strong>t\u00e9l\u00e9phone au 888-535-3675<\/strong><\/p>\n<p>[contact-form-7 id=\u00a0\u00bb396&Prime; title=\u00a0\u00bbInscription au cours\u00a0\u00bb]<\/p>\n<p>&nbsp;<\/p>\n","protected":false},"excerpt":{"rendered":"<p>D\u00e9butant en septembre. des cours de 2 heures portant sur diff\u00e9rents sujets relatifs \u00e0 l\u2019Internet seront offerts tous les mercredis soirs de 19 \u00e0 21 heures, au centre des loisirs de H\u00e9rouxville. Le co\u00fbt est de $20 par cours (rabais de 20% pour les r\u00e9sidents de H\u00e9rouxville pour encourager la participation locale). Les sujets couverts [&hellip;]<\/p>\n","protected":false},"author":1,"featured_media":0,"parent":0,"menu_order":0,"comment_status":"closed","ping_status":"closed","template":"","meta":{"footnotes":""},"class_list":["post-392","page","type-page","status-publish","hentry"],"_links":{"self":[{"href":"https:\/\/ClaudeLaBadie.com\/fr\/wp-json\/wp\/v2\/pages\/392","targetHints":{"allow":["GET"]}}],"collection":[{"href":"https:\/\/ClaudeLaBadie.com\/fr\/wp-json\/wp\/v2\/pages"}],"about":[{"href":"https:\/\/ClaudeLaBadie.com\/fr\/wp-json\/wp\/v2\/types\/page"}],"author":[{"embeddable":true,"href":"https:\/\/ClaudeLaBadie.com\/fr\/wp-json\/wp\/v2\/users\/1"}],"replies":[{"embeddable":true,"href":"https:\/\/ClaudeLaBadie.com\/fr\/wp-json\/wp\/v2\/comments?post=392"}],"version-history":[{"count":8,"href":"https:\/\/ClaudeLaBadie.com\/fr\/wp-json\/wp\/v2\/pages\/392\/revisions"}],"predecessor-version":[{"id":397,"href":"https:\/\/ClaudeLaBadie.com\/fr\/wp-json\/wp\/v2\/pages\/392\/revisions\/397"}],"wp:attachment":[{"href":"https:\/\/ClaudeLaBadie.com\/fr\/wp-json\/wp\/v2\/media?parent=392"}],"curies":[{"name":"wp","href":"https:\/\/api.w.org\/{rel}","templated":true}]}}