{"id":237,"date":"2012-06-21T13:48:29","date_gmt":"2012-06-21T18:48:29","guid":{"rendered":"http:\/\/ClaudeLaBadie.com\/fr\/?page_id=237"},"modified":"2012-06-22T14:12:44","modified_gmt":"2012-06-22T19:12:44","slug":"ressources","status":"publish","type":"page","link":"https:\/\/ClaudeLaBadie.com\/fr\/ressources\/","title":{"rendered":"Ressources"},"content":{"rendered":"<p>Voici une liste de pages listant les diff\u00e9rentes ressources disponibles en fran\u00e7ais pour vous fournir les diff\u00e9rents \u00e9l\u00e9ments utiles dans les diff\u00e9rentes \u00e9tapes de la cr\u00e9ation et de la promotion de votre site Internet.<\/p>\n<ol>\n<li><a title=\"Les outils pour l'\u00e9tudes de march\u00e9\" href=\"http:\/\/ClaudeLaBadie.com\/fr\/ressources\/etude-de-marche\/\">Les outils pour l&rsquo;\u00e9tudes de march\u00e9<\/a>;<\/li>\n<li><a title=\"Les services pour l'enregistrement de votre nom de domaine\" href=\"http:\/\/ClaudeLaBadie.com\/fr\/ressources\/noms-de-domaine\/\">Les services pour l&rsquo;enregistrement de votre nom de domaine<\/a>;<\/li>\n<li><a title=\"Les services pour l'h\u00e9bergement de votre site Internet\" href=\"http:\/\/ClaudeLaBadie.com\/fr\/ressources\/hebergement-de-site\/\">Les services pour l&rsquo;h\u00e9bergement de votre site Internet<\/a>;<\/li>\n<li><a title=\"Logiciels pour la cr\u00e9ation de votre site Internet\" href=\"http:\/\/ClaudeLaBadie.com\/fr\/ressources\/creation-de-site\/\">Logiciels pour la cr\u00e9ation de votre site Internet<\/a>;<\/li>\n<li><a title=\"Les sources d'images libres de droits\" href=\"http:\/\/ClaudeLaBadie.com\/fr\/ressources\/sources-dimages\/\" target=\"_blank\">Les sources d&rsquo;images libres de droits<\/a>;<\/li>\n<li><a title=\"Les source de bandes vid\u00e9o libres de droits\" href=\"http:\/\/ClaudeLaBadie.com\/fr\/ressources\/sources-de-videos\" target=\"_blank\">Les source de bandes vid\u00e9o libres de droits<\/a>;<\/li>\n<li><a title=\"Les outils de mesure de fiabilit\u00e9 et d'achalandage\" href=\"http:\/\/ClaudeLaBadie.com\/fr\/ressources\/outils-de-mesure\/\">Les outils de mesure de fiabilit\u00e9 et d&rsquo;achalandage<\/a>;<\/li>\n<li><a title=\"Les outils de promotion\" href=\"http:\/\/ClaudeLaBadie.com\/fr\/ressources\/outils-de-promotion\/\">Les outils de promotion<\/a>;<\/li>\n<li>Les outils pour entretenir les relations avec votre client\u00e8le.<\/li>\n<\/ol>\n","protected":false},"excerpt":{"rendered":"<p>Voici une liste de pages listant les diff\u00e9rentes ressources disponibles en fran\u00e7ais pour vous fournir les diff\u00e9rents \u00e9l\u00e9ments utiles dans les diff\u00e9rentes \u00e9tapes de la cr\u00e9ation et de la promotion de votre site Internet. Les outils pour l&rsquo;\u00e9tudes de march\u00e9; Les services pour l&rsquo;enregistrement de votre nom de domaine; Les services pour l&rsquo;h\u00e9bergement de votre [&hellip;]<\/p>\n","protected":false},"author":1,"featured_media":0,"parent":0,"menu_order":0,"comment_status":"open","ping_status":"open","template":"","meta":{"footnotes":""},"class_list":["post-237","page","type-page","status-publish","hentry"],"_links":{"self":[{"href":"https:\/\/ClaudeLaBadie.com\/fr\/wp-json\/wp\/v2\/pages\/237","targetHints":{"allow":["GET"]}}],"collection":[{"href":"https:\/\/ClaudeLaBadie.com\/fr\/wp-json\/wp\/v2\/pages"}],"about":[{"href":"https:\/\/ClaudeLaBadie.com\/fr\/wp-json\/wp\/v2\/types\/page"}],"author":[{"embeddable":true,"href":"https:\/\/ClaudeLaBadie.com\/fr\/wp-json\/wp\/v2\/users\/1"}],"replies":[{"embeddable":true,"href":"https:\/\/ClaudeLaBadie.com\/fr\/wp-json\/wp\/v2\/comments?post=237"}],"version-history":[{"count":13,"href":"https:\/\/ClaudeLaBadie.com\/fr\/wp-json\/wp\/v2\/pages\/237\/revisions"}],"predecessor-version":[{"id":263,"href":"https:\/\/ClaudeLaBadie.com\/fr\/wp-json\/wp\/v2\/pages\/237\/revisions\/263"}],"wp:attachment":[{"href":"https:\/\/ClaudeLaBadie.com\/fr\/wp-json\/wp\/v2\/media?parent=237"}],"curies":[{"name":"wp","href":"https:\/\/api.w.org\/{rel}","templated":true}]}}