{"id":2,"date":"2009-07-06T11:55:38","date_gmt":"2009-07-06T16:55:38","guid":{"rendered":"http:\/\/claudelabadie.com\/fr\/?page_id=2"},"modified":"2009-09-02T22:14:30","modified_gmt":"2009-09-03T03:14:30","slug":"a-propos","status":"publish","type":"page","link":"https:\/\/ClaudeLaBadie.com\/fr\/a-propos\/","title":{"rendered":"\u00c0 propos de Claude LaBadie"},"content":{"rendered":"<p>Les principales activit\u00e9s de Claude LaBadie et de ses ressources sont le parrainage et l&rsquo;appui technique pour un nombre toujours croissant de partenaires dans la cr\u00e9ation de leur propre entreprise Internet.\u00a0 Fort de son exp\u00e9rience et de ses recherches continues il exp\u00e9rimente et \u00e9value la performance de nombreuses strat\u00e9gies de marketing depuis 2005.<\/p>\n<p>Plus de 25 ans de carri\u00e8re dans les technologies de l&rsquo;information et de l&rsquo;Internet, incluant le d\u00e9veloppement, l&rsquo;administration et la migration de syst\u00e8mes informatiques, lui ont forg\u00e9 une solide exp\u00e9rience de gestion de projets et de ressources.<\/p>\n<p>Il est particuli\u00e8rement passionn\u00e9 de croissance personnelle, de marketing Internet, de Logiciels Libres et de natures sauvages.<\/p>\n","protected":false},"excerpt":{"rendered":"<p>Les principales activit\u00e9s de Claude LaBadie et de ses ressources sont le parrainage et l&rsquo;appui technique pour un nombre toujours croissant de partenaires dans la cr\u00e9ation de leur propre entreprise Internet.\u00a0 Fort de son exp\u00e9rience et de ses recherches continues il exp\u00e9rimente et \u00e9value la performance de nombreuses strat\u00e9gies de marketing depuis 2005. Plus de [&hellip;]<\/p>\n","protected":false},"author":1,"featured_media":0,"parent":0,"menu_order":0,"comment_status":"closed","ping_status":"open","template":"","meta":{"footnotes":""},"class_list":["post-2","page","type-page","status-publish","hentry"],"_links":{"self":[{"href":"https:\/\/ClaudeLaBadie.com\/fr\/wp-json\/wp\/v2\/pages\/2","targetHints":{"allow":["GET"]}}],"collection":[{"href":"https:\/\/ClaudeLaBadie.com\/fr\/wp-json\/wp\/v2\/pages"}],"about":[{"href":"https:\/\/ClaudeLaBadie.com\/fr\/wp-json\/wp\/v2\/types\/page"}],"author":[{"embeddable":true,"href":"https:\/\/ClaudeLaBadie.com\/fr\/wp-json\/wp\/v2\/users\/1"}],"replies":[{"embeddable":true,"href":"https:\/\/ClaudeLaBadie.com\/fr\/wp-json\/wp\/v2\/comments?post=2"}],"version-history":[{"count":6,"href":"https:\/\/ClaudeLaBadie.com\/fr\/wp-json\/wp\/v2\/pages\/2\/revisions"}],"predecessor-version":[{"id":6,"href":"https:\/\/ClaudeLaBadie.com\/fr\/wp-json\/wp\/v2\/pages\/2\/revisions\/6"}],"wp:attachment":[{"href":"https:\/\/ClaudeLaBadie.com\/fr\/wp-json\/wp\/v2\/media?parent=2"}],"curies":[{"name":"wp","href":"https:\/\/api.w.org\/{rel}","templated":true}]}}