{"id":170,"date":"2009-11-13T00:16:19","date_gmt":"2009-11-13T05:16:19","guid":{"rendered":"http:\/\/ClaudeLaBadie.com\/fr\/?page_id=170"},"modified":"2016-05-25T10:09:06","modified_gmt":"2016-05-25T15:09:06","slug":"contactez-moi","status":"publish","type":"page","link":"https:\/\/ClaudeLaBadie.com\/fr\/contactez-moi\/","title":{"rendered":"Contactez-moi"},"content":{"rendered":"<h3>Par t\u00e9l\u00e9phone au 888 535-3675<\/h3>\n<h3>Par courrier \u00e0<\/h3>\n<p>92 ch Saint-Timothee<br \/>\nHerouxville, QC G0X 1J0<br \/>\nCanada<\/p>\n<h3>Ou remplisser le formulaire suivant et je vous contacterai assit\u00f4t qu&rsquo;il me le sera possible.<\/h3>\n<p>Merci de votre int\u00e9r\u00eat.<\/p>\n<p>[contact-form-7 id=\u00a0\u00bb205&Prime; title=\u00a0\u00bbFormulaire de contact 1&Prime;]<\/p>\n","protected":false},"excerpt":{"rendered":"<p>Par t\u00e9l\u00e9phone au 888 535-3675 Par courrier \u00e0 92 ch Saint-Timothee Herouxville, QC G0X 1J0 Canada Ou remplisser le formulaire suivant et je vous contacterai assit\u00f4t qu&rsquo;il me le sera possible. Merci de votre int\u00e9r\u00eat. [contact-form-7 id=\u00a0\u00bb205&Prime; title=\u00a0\u00bbFormulaire de contact 1&Prime;]<\/p>\n","protected":false},"author":1,"featured_media":0,"parent":0,"menu_order":9,"comment_status":"closed","ping_status":"closed","template":"","meta":{"footnotes":""},"class_list":["post-170","page","type-page","status-publish","hentry"],"_links":{"self":[{"href":"https:\/\/ClaudeLaBadie.com\/fr\/wp-json\/wp\/v2\/pages\/170","targetHints":{"allow":["GET"]}}],"collection":[{"href":"https:\/\/ClaudeLaBadie.com\/fr\/wp-json\/wp\/v2\/pages"}],"about":[{"href":"https:\/\/ClaudeLaBadie.com\/fr\/wp-json\/wp\/v2\/types\/page"}],"author":[{"embeddable":true,"href":"https:\/\/ClaudeLaBadie.com\/fr\/wp-json\/wp\/v2\/users\/1"}],"replies":[{"embeddable":true,"href":"https:\/\/ClaudeLaBadie.com\/fr\/wp-json\/wp\/v2\/comments?post=170"}],"version-history":[{"count":7,"href":"https:\/\/ClaudeLaBadie.com\/fr\/wp-json\/wp\/v2\/pages\/170\/revisions"}],"predecessor-version":[{"id":388,"href":"https:\/\/ClaudeLaBadie.com\/fr\/wp-json\/wp\/v2\/pages\/170\/revisions\/388"}],"wp:attachment":[{"href":"https:\/\/ClaudeLaBadie.com\/fr\/wp-json\/wp\/v2\/media?parent=170"}],"curies":[{"name":"wp","href":"https:\/\/api.w.org\/{rel}","templated":true}]}}